{"id":3857,"date":"2023-12-13T11:21:05","date_gmt":"2023-12-13T09:21:05","guid":{"rendered":"https:\/\/tyll.fi\/tyllilainen\/?page_id=3857"},"modified":"2024-01-07T20:58:43","modified_gmt":"2024-01-07T18:58:43","slug":"etusivu-2","status":"publish","type":"page","link":"https:\/\/tyll.fi\/tyllilainen\/","title":{"rendered":"Etusivu 2"},"content":{"rendered":"\t\t<div data-elementor-type=\"wp-page\" data-elementor-id=\"3857\" class=\"elementor elementor-3857\">\n\t\t\t\t\t\t<section class=\"elementor-section elementor-top-section elementor-element elementor-element-7d303437 elementor-section-height-min-height elementor-section-items-stretch elementor-section-boxed elementor-section-height-default elementor-invisible\" data-id=\"7d303437\" data-element_type=\"section\" data-e-type=\"section\" data-settings=\"{&quot;background_background&quot;:&quot;classic&quot;,&quot;shape_divider_bottom&quot;:&quot;curve&quot;,&quot;shape_divider_bottom_negative&quot;:&quot;yes&quot;,&quot;animation&quot;:&quot;fadeIn&quot;}\">\n\t\t\t\t\t\t\t<div class=\"elementor-background-overlay\"><\/div>\n\t\t\t\t\t\t<div class=\"elementor-shape elementor-shape-bottom\" aria-hidden=\"true\" data-negative=\"true\">\n\t\t\t<svg xmlns=\"http:\/\/www.w3.org\/2000\/svg\" viewBox=\"0 0 1000 100\" preserveAspectRatio=\"none\">\n\t<path class=\"elementor-shape-fill\" d=\"M500,97C126.7,96.3,0.8,19.8,0,0v100l1000,0V1C1000,19.4,873.3,97.8,500,97z\"\/>\n<\/svg>\t\t<\/div>\n\t\t\t\t\t<div class=\"elementor-container elementor-column-gap-default\">\n\t\t\t\t\t<div class=\"elementor-column elementor-col-100 elementor-top-column elementor-element elementor-element-6b93d71\" data-id=\"6b93d71\" data-element_type=\"column\" data-e-type=\"column\" data-settings=\"{&quot;background_background&quot;:&quot;classic&quot;}\">\n\t\t\t<div class=\"elementor-widget-wrap elementor-element-populated\">\n\t\t\t\t\t\t<div class=\"elementor-element elementor-element-105b854c elementor-widget elementor-widget-heading\" data-id=\"105b854c\" data-element_type=\"widget\" data-e-type=\"widget\" data-widget_type=\"heading.default\">\n\t\t\t\t<div class=\"elementor-widget-container\">\n\t\t\t\t\t<h1 class=\"elementor-heading-title elementor-size-default\">Tyllil\u00e4inen<\/h1>\t\t\t\t<\/div>\n\t\t\t\t<\/div>\n\t\t\t\t<div class=\"elementor-element elementor-element-201e78c elementor-widget elementor-widget-heading\" data-id=\"201e78c\" data-element_type=\"widget\" data-e-type=\"widget\" data-widget_type=\"heading.default\">\n\t\t\t\t<div class=\"elementor-widget-container\">\n\t\t\t\t\t<h3 class=\"elementor-heading-title elementor-size-default\">Tornion yhteislyseon lukion koululehti<\/h3>\t\t\t\t<\/div>\n\t\t\t\t<\/div>\n\t\t\t\t\t<\/div>\n\t\t<\/div>\n\t\t\t\t\t<\/div>\n\t\t<\/section>\n\t\t\t\t<section class=\"elementor-section elementor-top-section elementor-element elementor-element-61322b6 elementor-section-height-min-height elementor-section-boxed elementor-section-height-default elementor-section-items-middle\" data-id=\"61322b6\" data-element_type=\"section\" data-e-type=\"section\" data-settings=\"{&quot;background_background&quot;:&quot;classic&quot;}\">\n\t\t\t\t\t\t<div class=\"elementor-container elementor-column-gap-wide\">\n\t\t\t\t\t<div class=\"elementor-column elementor-col-100 elementor-top-column elementor-element elementor-element-1d4ce7db\" data-id=\"1d4ce7db\" data-element_type=\"column\" data-e-type=\"column\">\n\t\t\t<div class=\"elementor-widget-wrap elementor-element-populated\">\n\t\t\t\t\t\t<div class=\"elementor-element elementor-element-4f5e3d15 elementor-widget elementor-widget-heading\" data-id=\"4f5e3d15\" data-element_type=\"widget\" data-e-type=\"widget\" data-widget_type=\"heading.default\">\n\t\t\t\t<div class=\"elementor-widget-container\">\n\t\t\t\t\t<h2 class=\"elementor-heading-title elementor-size-default\">Vuoden 23-24 jutut<\/h2>\t\t\t\t<\/div>\n\t\t\t\t<\/div>\n\t\t\t\t<div class=\"elementor-element elementor-element-62eec4a7 elementor-widget elementor-widget-text-editor\" data-id=\"62eec4a7\" data-element_type=\"widget\" data-e-type=\"widget\" data-widget_type=\"text-editor.default\">\n\t\t\t\t<div class=\"elementor-widget-container\">\n\t\t\t\t\t\t\t\t\t<p>T\u00e4st\u00e4 l\u00f6yd\u00e4t uusimmat jutut ja loput valikon linkeist\u00e4.<\/p>\t\t\t\t\t\t\t\t<\/div>\n\t\t\t\t<\/div>\n\t\t\t\t<div class=\"elementor-element elementor-element-8fdf92f elementor-grid-eael-col-3 elementor-grid-tablet-eael-col-2 elementor-grid-mobile-eael-col-1 elementor-widget elementor-widget-eael-post-grid\" data-id=\"8fdf92f\" data-element_type=\"widget\" data-e-type=\"widget\" data-settings=\"{&quot;eael_post_grid_columns&quot;:&quot;eael-col-3&quot;,&quot;eael_post_grid_columns_tablet&quot;:&quot;eael-col-2&quot;,&quot;eael_post_grid_columns_mobile&quot;:&quot;eael-col-1&quot;}\" data-widget_type=\"eael-post-grid.default\">\n\t\t\t\t<div class=\"elementor-widget-container\">\n\t\t\t\t\t<div id=\"eael-post-grid-8fdf92f\" class=\"eael-post-grid-container\">\n            <div class=\"eael-post-grid eael-post-appender eael-post-appender-8fdf92f eael-post-grid-style-two\" data-layout-mode=\"masonry\"><article class=\"eael-grid-post  eael-post-grid-column eael-pg-post-4290 category-2023-2024\" data-id=\"4290\">\n    <div class=\"eael-grid-post-holder\">\n        <div class=\"eael-grid-post-holder-inner\"><div class=\"eael-entry-media\"><div class=\"eael-entry-overlay none\"><i class=\"\" aria-hidden=\"true\"><\/i><a href=\"https:\/\/tyll.fi\/tyllilainen\/2023-2024\/puhe-nuori-ala-elaa\/\"><\/a><\/div><div class=\"eael-entry-thumbnail \">\n                            <img fetchpriority=\"high\" decoding=\"async\" width=\"300\" height=\"300\" src=\"https:\/\/tyll.fi\/tyllilainen\/wp-content\/uploads\/2023\/12\/lehti1-300x300.jpg\" class=\"attachment-medium size-medium wp-image-3976\" alt=\"\" srcset=\"https:\/\/tyll.fi\/tyllilainen\/wp-content\/uploads\/2023\/12\/lehti1-300x300.jpg 300w, https:\/\/tyll.fi\/tyllilainen\/wp-content\/uploads\/2023\/12\/lehti1-150x150.jpg 150w, https:\/\/tyll.fi\/tyllilainen\/wp-content\/uploads\/2023\/12\/lehti1-768x768.jpg 768w, https:\/\/tyll.fi\/tyllilainen\/wp-content\/uploads\/2023\/12\/lehti1.jpg 1024w\" sizes=\"(max-width: 300px) 100vw, 300px\" \/>\n                            <\/div>\n                    <\/div><div class=\"eael-entry-wrapper\"><header class=\"eael-entry-header\"><h2 class=\"eael-entry-title\"><a class=\"eael-grid-post-link\" href=\"https:\/\/tyll.fi\/tyllilainen\/2023-2024\/puhe-nuori-ala-elaa\/\" title=\"Puhe: Nuori, ala el\u00e4\u00e4!\">Puhe: Nuori, ala el\u00e4\u00e4!<\/a><\/h2><\/header><div class=\"eael-entry-header-after style-two\"><div class=\"eael-entry-meta\"><span class=\"eael-posted-on eael-meta-posted-on\"><i class=\"far fa-clock\"><\/i><time datetime=\"19.1.2024\">19.1.2024<\/time><\/span><\/div><\/div><div class=\"eael-entry-content\">\n                                <div class=\"eael-grid-post-excerpt\"><p>2023-2024 Puhe: Nuori, ala el\u00e4\u00e4! Lehtijuttujen lis\u00e4ksi toimittajamme puurtavat tietysti my\u00f6s muiden \u00e4idinkielen opintojen parissa. Tyllil\u00e4inen julkaisee vuorovaikutukseen keskittyv\u00e4ll\u00e4 \u00c4I07-kurssilla...<\/p><\/div>\n                            <\/div><\/div><\/div>\n    <\/div>\n<\/article><article class=\"eael-grid-post  eael-post-grid-column eael-pg-post-4267 category-2023-2024\" data-id=\"4267\">\n    <div class=\"eael-grid-post-holder\">\n        <div class=\"eael-grid-post-holder-inner\"><div class=\"eael-entry-media\"><div class=\"eael-entry-overlay none\"><i class=\"\" aria-hidden=\"true\"><\/i><a href=\"https:\/\/tyll.fi\/tyllilainen\/2023-2024\/refugee-film-festival-rantautui-tornioon\/\"><\/a><\/div><div class=\"eael-entry-thumbnail \">\n                            <img decoding=\"async\" width=\"300\" height=\"215\" src=\"https:\/\/tyll.fi\/tyllilainen\/wp-content\/uploads\/2024\/01\/festivaali1-300x215.png\" class=\"attachment-medium size-medium wp-image-4270\" alt=\"\" srcset=\"https:\/\/tyll.fi\/tyllilainen\/wp-content\/uploads\/2024\/01\/festivaali1-300x215.png 300w, https:\/\/tyll.fi\/tyllilainen\/wp-content\/uploads\/2024\/01\/festivaali1-768x551.png 768w, https:\/\/tyll.fi\/tyllilainen\/wp-content\/uploads\/2024\/01\/festivaali1.png 1024w\" sizes=\"(max-width: 300px) 100vw, 300px\" \/>\n                            <\/div>\n                    <\/div><div class=\"eael-entry-wrapper\"><header class=\"eael-entry-header\"><h2 class=\"eael-entry-title\"><a class=\"eael-grid-post-link\" href=\"https:\/\/tyll.fi\/tyllilainen\/2023-2024\/refugee-film-festival-rantautui-tornioon\/\" title=\"Refugee Film Festival rantautui Tornioon!\">Refugee Film Festival rantautui Tornioon!<\/a><\/h2><\/header><div class=\"eael-entry-header-after style-two\"><div class=\"eael-entry-meta\"><span class=\"eael-posted-on eael-meta-posted-on\"><i class=\"far fa-clock\"><\/i><time datetime=\"19.1.2024\">19.1.2024<\/time><\/span><\/div><\/div><div class=\"eael-entry-content\">\n                                <div class=\"eael-grid-post-excerpt\"><p>2023-2024 Refugee Film Festival rantautui Tornioon! Refugee Film -festivaali j\u00e4rjestettiin 1. &#8211; 2. joulukuuta Aineen taidemuseolla, joka oli kiertueen ensimm\u00e4inen...<\/p><\/div>\n                            <\/div><\/div><\/div>\n    <\/div>\n<\/article><article class=\"eael-grid-post  eael-post-grid-column eael-pg-post-3987 category-2023-2024\" data-id=\"3987\">\n    <div class=\"eael-grid-post-holder\">\n        <div class=\"eael-grid-post-holder-inner\"><div class=\"eael-entry-media\"><div class=\"eael-entry-overlay none\"><i class=\"\" aria-hidden=\"true\"><\/i><a href=\"https:\/\/tyll.fi\/tyllilainen\/2023-2024\/joulunajan-tapahtumat-tyllilla\/\"><\/a><\/div><div class=\"eael-entry-thumbnail \">\n                            <img fetchpriority=\"high\" decoding=\"async\" width=\"300\" height=\"300\" src=\"https:\/\/tyll.fi\/tyllilainen\/wp-content\/uploads\/2023\/12\/lehti1-300x300.jpg\" class=\"attachment-medium size-medium wp-image-3976\" alt=\"\" srcset=\"https:\/\/tyll.fi\/tyllilainen\/wp-content\/uploads\/2023\/12\/lehti1-300x300.jpg 300w, https:\/\/tyll.fi\/tyllilainen\/wp-content\/uploads\/2023\/12\/lehti1-150x150.jpg 150w, https:\/\/tyll.fi\/tyllilainen\/wp-content\/uploads\/2023\/12\/lehti1-768x768.jpg 768w, https:\/\/tyll.fi\/tyllilainen\/wp-content\/uploads\/2023\/12\/lehti1.jpg 1024w\" sizes=\"(max-width: 300px) 100vw, 300px\" \/>\n                            <\/div>\n                    <\/div><div class=\"eael-entry-wrapper\"><header class=\"eael-entry-header\"><h2 class=\"eael-entry-title\"><a class=\"eael-grid-post-link\" href=\"https:\/\/tyll.fi\/tyllilainen\/2023-2024\/joulunajan-tapahtumat-tyllilla\/\" title=\"Joulunajan tapahtumat Tyllill\u00e4\">Joulunajan tapahtumat Tyllill\u00e4<\/a><\/h2><\/header><div class=\"eael-entry-header-after style-two\"><div class=\"eael-entry-meta\"><span class=\"eael-posted-on eael-meta-posted-on\"><i class=\"far fa-clock\"><\/i><time datetime=\"12.12.2023\">12.12.2023<\/time><\/span><\/div><\/div><div class=\"eael-entry-content\">\n                                <div class=\"eael-grid-post-excerpt\"><p>2023-2024 Itsen\u00e4isyysp\u00e4iv\u00e4n &#038; syksyn yo-juhla Vietimme lukiolla 5.12. itsen\u00e4isyysp\u00e4iv\u00e4n ja syksyn yo-juhlaa. Juhlistimme Suomen itsen\u00e4isyytt\u00e4 ja uusia ylioppilaita. Rehtorimme Marko...<\/p><\/div>\n                            <\/div><\/div><\/div>\n    <\/div>\n<\/article><\/div>\n            <div class=\"clearfix\"><\/div>\n        <\/div>            <div class=\"eael-load-more-button-wrap eael-force-hide\">\n                <button class=\"eael-load-more-button\" id=\"eael-load-more-btn-8fdf92f\" data-widget-id=\"8fdf92f\" data-widget=\"8fdf92f\" data-page-id=\"3857\" data-template=\"{&quot;dir&quot;:&quot;lite&quot;,&quot;file_name&quot;:&quot;two.php&quot;,&quot;name&quot;:&quot;Post-Grid&quot;}\" data-class=\"Essential_Addons_Elementor\\Elements\\Post_Grid\" data-layout=\"masonry\" data-page=\"1\" data-args=\"orderby=date&amp;order=desc&amp;ignore_sticky_posts=1&amp;post_status=publish&amp;posts_per_page=3&amp;offset=0&amp;post_type=post&amp;tax_query%5B0%5D%5Btaxonomy%5D=category&amp;tax_query%5B0%5D%5Bfield%5D=term_id&amp;tax_query%5B0%5D%5Bterms%5D%5B0%5D=8&amp;tax_query%5Brelation%5D=AND\" data-max-page=\"3\">\n                    <span class=\"eael-btn-loader button__loader\"><\/span>\n                    <span class=\"eael_load_more_text\">Load More<\/span>\n                <\/button>\n            <\/div>\n            \t\t\t\t<\/div>\n\t\t\t\t<\/div>\n\t\t\t\t<div class=\"elementor-element elementor-element-7911dcf elementor-widget__width-auto elementor-align-center elementor-widget elementor-widget-button\" data-id=\"7911dcf\" data-element_type=\"widget\" data-e-type=\"widget\" data-widget_type=\"button.default\">\n\t\t\t\t<div class=\"elementor-widget-container\">\n\t\t\t\t\t\t\t\t\t<div class=\"elementor-button-wrapper\">\n\t\t\t\t\t<a class=\"elementor-button elementor-button-link elementor-size-sm elementor-animation-shrink\" href=\"https:\/\/tyll.fi\/tyllilainen\/lukuvuosi-2023-2024\/\">\n\t\t\t\t\t\t<span class=\"elementor-button-content-wrapper\">\n\t\t\t\t\t\t<span class=\"elementor-button-icon\">\n\t\t\t\t<svg aria-hidden=\"true\" class=\"e-font-icon-svg e-fas-long-arrow-alt-right\" viewBox=\"0 0 448 512\" xmlns=\"http:\/\/www.w3.org\/2000\/svg\"><path d=\"M313.941 216H12c-6.627 0-12 5.373-12 12v56c0 6.627 5.373 12 12 12h301.941v46.059c0 21.382 25.851 32.09 40.971 16.971l86.059-86.059c9.373-9.373 9.373-24.569 0-33.941l-86.059-86.059c-15.119-15.119-40.971-4.411-40.971 16.971V216z\"><\/path><\/svg>\t\t\t<\/span>\n\t\t\t\t\t\t\t\t\t<span class=\"elementor-button-text\">KAIKKI VUODEN 23-24 JUTUT<\/span>\n\t\t\t\t\t<\/span>\n\t\t\t\t\t<\/a>\n\t\t\t\t<\/div>\n\t\t\t\t\t\t\t\t<\/div>\n\t\t\t\t<\/div>\n\t\t\t\t\t<\/div>\n\t\t<\/div>\n\t\t\t\t\t<\/div>\n\t\t<\/section>\n\t\t\t\t<section class=\"elementor-section elementor-top-section elementor-element elementor-element-8982bb6 elementor-reverse-tablet elementor-reverse-mobile elementor-section-boxed elementor-section-height-default elementor-section-height-default\" data-id=\"8982bb6\" data-element_type=\"section\" data-e-type=\"section\" data-settings=\"{&quot;background_background&quot;:&quot;classic&quot;}\">\n\t\t\t\t\t\t<div class=\"elementor-container elementor-column-gap-default\">\n\t\t\t\t\t<div class=\"elementor-column elementor-col-50 elementor-top-column elementor-element elementor-element-0f55e6c\" data-id=\"0f55e6c\" data-element_type=\"column\" data-e-type=\"column\" data-settings=\"{&quot;background_background&quot;:&quot;classic&quot;}\">\n\t\t\t<div class=\"elementor-widget-wrap elementor-element-populated\">\n\t\t\t\t\t\t<div class=\"elementor-element elementor-element-b0a5f06 elementor-widget elementor-widget-heading\" data-id=\"b0a5f06\" data-element_type=\"widget\" data-e-type=\"widget\" data-widget_type=\"heading.default\">\n\t\t\t\t<div class=\"elementor-widget-container\">\n\t\t\t\t\t<h3 class=\"elementor-heading-title elementor-size-default\">Tyllil\u00e4inen<\/h3>\t\t\t\t<\/div>\n\t\t\t\t<\/div>\n\t\t\t\t<div class=\"elementor-element elementor-element-b55cfe1 elementor-invisible elementor-widget elementor-widget-heading\" data-id=\"b55cfe1\" data-element_type=\"widget\" data-e-type=\"widget\" data-settings=\"{&quot;_animation&quot;:&quot;fadeIn&quot;}\" data-widget_type=\"heading.default\">\n\t\t\t\t<div class=\"elementor-widget-container\">\n\t\t\t\t\t<h2 class=\"elementor-heading-title elementor-size-default\">Toimitus 2023-2024<\/h2>\t\t\t\t<\/div>\n\t\t\t\t<\/div>\n\t\t\t\t<div class=\"elementor-element elementor-element-582560b elementor-widget elementor-widget-text-editor\" data-id=\"582560b\" data-element_type=\"widget\" data-e-type=\"widget\" data-widget_type=\"text-editor.default\">\n\t\t\t\t<div class=\"elementor-widget-container\">\n\t\t\t\t\t\t\t\t\t<p class=\"zfr3Q CDt4Ke \" dir=\"ltr\"><span class=\"C9DxTc \"><strong>P\u00e4\u00e4toimittaja<\/strong><br \/><\/span><span class=\"C9DxTc \">Aino Lappalainen<\/span><\/p><p class=\"zfr3Q CDt4Ke \" dir=\"ltr\"><span class=\"C9DxTc \"><strong>Toimitus<\/strong><br \/><\/span><span class=\"C9DxTc \">Nella Lehto<br \/><\/span><span class=\"C9DxTc \">Kaisa Lepp\u00e4j\u00e4rvi<br \/><\/span><span class=\"C9DxTc \">Sofia Mommo<br \/><br \/><strong>Ohjaavat opettajat<\/strong><br \/><\/span><span class=\"C9DxTc \">Maria H\u00e4gg<br \/><\/span><span class=\"C9DxTc \">Ville M\u00e4llinen<br \/><\/span><span class=\"C9DxTc \">Jaana Stoor<\/span><\/p><p class=\"zfr3Q CDt4Ke \" dir=\"ltr\"><span class=\"C9DxTc \">\u00a0<\/span><\/p>\t\t\t\t\t\t\t\t<\/div>\n\t\t\t\t<\/div>\n\t\t\t\t<div class=\"elementor-element elementor-element-db5c1e6 elementor-widget__width-auto elementor-widget elementor-widget-button\" data-id=\"db5c1e6\" data-element_type=\"widget\" data-e-type=\"widget\" data-widget_type=\"button.default\">\n\t\t\t\t<div class=\"elementor-widget-container\">\n\t\t\t\t\t\t\t\t\t<div class=\"elementor-button-wrapper\">\n\t\t\t\t\t<a class=\"elementor-button elementor-button-link elementor-size-sm elementor-animation-shrink\" href=\"https:\/\/tyll.fi\/tyllilainen\/toimitus-2023-2024\/\">\n\t\t\t\t\t\t<span class=\"elementor-button-content-wrapper\">\n\t\t\t\t\t\t<span class=\"elementor-button-icon\">\n\t\t\t\t<svg aria-hidden=\"true\" class=\"e-font-icon-svg e-fas-long-arrow-alt-right\" viewBox=\"0 0 448 512\" xmlns=\"http:\/\/www.w3.org\/2000\/svg\"><path d=\"M313.941 216H12c-6.627 0-12 5.373-12 12v56c0 6.627 5.373 12 12 12h301.941v46.059c0 21.382 25.851 32.09 40.971 16.971l86.059-86.059c9.373-9.373 9.373-24.569 0-33.941l-86.059-86.059c-15.119-15.119-40.971-4.411-40.971 16.971V216z\"><\/path><\/svg>\t\t\t<\/span>\n\t\t\t\t\t\t\t\t\t<span class=\"elementor-button-text\">TOIMITUKSEN ESITTELY<\/span>\n\t\t\t\t\t<\/span>\n\t\t\t\t\t<\/a>\n\t\t\t\t<\/div>\n\t\t\t\t\t\t\t\t<\/div>\n\t\t\t\t<\/div>\n\t\t\t\t\t<\/div>\n\t\t<\/div>\n\t\t\t\t<div class=\"elementor-column elementor-col-50 elementor-top-column elementor-element elementor-element-41d2f18\" data-id=\"41d2f18\" data-element_type=\"column\" data-e-type=\"column\">\n\t\t\t<div class=\"elementor-widget-wrap elementor-element-populated\">\n\t\t\t\t\t\t<div class=\"elementor-element elementor-element-42a8ebb elementor-widget elementor-widget-image\" data-id=\"42a8ebb\" data-element_type=\"widget\" data-e-type=\"widget\" data-widget_type=\"image.default\">\n\t\t\t\t<div class=\"elementor-widget-container\">\n\t\t\t\t\t\t\t\t\t\t\t\t\t\t\t\t<a href=\"#\">\n\t\t\t\t\t\t\t<img decoding=\"async\" width=\"1024\" height=\"1024\" src=\"https:\/\/tyll.fi\/tyllilainen\/wp-content\/uploads\/2023\/12\/lehti-2.jpg\" class=\"elementor-animation-float attachment-full size-full wp-image-3977\" alt=\"\" srcset=\"https:\/\/tyll.fi\/tyllilainen\/wp-content\/uploads\/2023\/12\/lehti-2.jpg 1024w, https:\/\/tyll.fi\/tyllilainen\/wp-content\/uploads\/2023\/12\/lehti-2-300x300.jpg 300w, https:\/\/tyll.fi\/tyllilainen\/wp-content\/uploads\/2023\/12\/lehti-2-150x150.jpg 150w, https:\/\/tyll.fi\/tyllilainen\/wp-content\/uploads\/2023\/12\/lehti-2-768x768.jpg 768w\" sizes=\"(max-width: 1024px) 100vw, 1024px\" \/>\t\t\t\t\t\t\t\t<\/a>\n\t\t\t\t\t\t\t\t\t\t\t\t\t\t\t<\/div>\n\t\t\t\t<\/div>\n\t\t\t\t\t<\/div>\n\t\t<\/div>\n\t\t\t\t\t<\/div>\n\t\t<\/section>\n\t\t\t\t<\/div>\n\t\t","protected":false},"excerpt":{"rendered":"<p>Tyllil\u00e4inen Tornion yhteislyseon lukion koululehti Vuoden 23-24 jutut T\u00e4st\u00e4 l\u00f6yd\u00e4t uusimmat jutut ja loput valikon linkeist\u00e4. Joulunajan tapahtumat Tyllill\u00e4 12.12.2023 2023-2024 Itsen\u00e4isyysp\u00e4iv\u00e4n &#038; syksyn yo-juhla Vietimme lukiolla 5.12. itsen\u00e4isyysp\u00e4iv\u00e4n ja syksyn yo-juhlaa. Juhlistimme Suomen itsen\u00e4isyytt\u00e4 ja uusia ylioppilaita. Rehtorimme Marko&#8230; Hei, sin\u00e4 etuoikeutettu l\u00e4nsimaalainen! 4.12.2023 2023-2024 Hei, sin\u00e4 etuoikeutettu l\u00e4nsimaalainen! Istumme sohvalla ja odotamme kympin&#8230;<\/p>\n","protected":false},"author":1,"featured_media":0,"parent":0,"menu_order":0,"comment_status":"closed","ping_status":"closed","template":"elementor_header_footer","meta":{"_kadence_starter_templates_imported_post":false,"_kad_post_transparent":"default","_kad_post_title":"hide","_kad_post_layout":"fullwidth","_kad_post_sidebar_id":"","_kad_post_content_style":"unboxed","_kad_post_vertical_padding":"hide","_kad_post_feature":"hide","_kad_post_feature_position":"","_kad_post_header":false,"_kad_post_footer":false,"_kad_post_classname":"","footnotes":""},"class_list":["post-3857","page","type-page","status-publish","hentry"],"_links":{"self":[{"href":"https:\/\/tyll.fi\/tyllilainen\/wp-json\/wp\/v2\/pages\/3857","targetHints":{"allow":["GET"]}}],"collection":[{"href":"https:\/\/tyll.fi\/tyllilainen\/wp-json\/wp\/v2\/pages"}],"about":[{"href":"https:\/\/tyll.fi\/tyllilainen\/wp-json\/wp\/v2\/types\/page"}],"author":[{"embeddable":true,"href":"https:\/\/tyll.fi\/tyllilainen\/wp-json\/wp\/v2\/users\/1"}],"replies":[{"embeddable":true,"href":"https:\/\/tyll.fi\/tyllilainen\/wp-json\/wp\/v2\/comments?post=3857"}],"version-history":[{"count":83,"href":"https:\/\/tyll.fi\/tyllilainen\/wp-json\/wp\/v2\/pages\/3857\/revisions"}],"predecessor-version":[{"id":4360,"href":"https:\/\/tyll.fi\/tyllilainen\/wp-json\/wp\/v2\/pages\/3857\/revisions\/4360"}],"wp:attachment":[{"href":"https:\/\/tyll.fi\/tyllilainen\/wp-json\/wp\/v2\/media?parent=3857"}],"curies":[{"name":"wp","href":"https:\/\/api.w.org\/{rel}","templated":true}]}}